{"id":496,"date":"2020-11-19T15:34:52","date_gmt":"2020-11-19T15:34:52","guid":{"rendered":"https:\/\/www.hnemitz.ch\/a-propos\/"},"modified":"2021-12-30T17:11:35","modified_gmt":"2021-12-30T17:11:35","slug":"a-propos","status":"publish","type":"page","link":"https:\/\/www.hnemitz.ch\/de\/a-propos\/","title":{"rendered":"\u00dcber uns"},"content":{"rendered":"\t\t<div data-elementor-type=\"wp-page\" data-elementor-id=\"496\" class=\"elementor elementor-496 elementor-72\" data-elementor-post-type=\"page\">\n\t\t\t\t\t\t<section class=\"elementor-section elementor-top-section elementor-element elementor-element-6b46ba7 elementor-section-height-min-height elementor-section-boxed elementor-section-height-default elementor-section-items-middle\" data-id=\"6b46ba7\" data-element_type=\"section\" data-settings=\"{&quot;background_background&quot;:&quot;classic&quot;}\">\n\t\t\t\t\t\t<div class=\"elementor-container elementor-column-gap-default\">\n\t\t\t\t\t<div class=\"elementor-column elementor-col-100 elementor-top-column elementor-element elementor-element-434c578\" data-id=\"434c578\" data-element_type=\"column\">\n\t\t\t<div class=\"elementor-widget-wrap\">\n\t\t\t\t\t\t\t<\/div>\n\t\t<\/div>\n\t\t\t\t\t<\/div>\n\t\t<\/section>\n\t\t\t\t<section class=\"elementor-section elementor-top-section elementor-element elementor-element-ae14ed1 elementor-section-boxed elementor-section-height-default elementor-section-height-default\" data-id=\"ae14ed1\" data-element_type=\"section\">\n\t\t\t\t\t\t<div class=\"elementor-container elementor-column-gap-default\">\n\t\t\t\t\t<div class=\"elementor-column elementor-col-50 elementor-top-column elementor-element elementor-element-8ba9631\" data-id=\"8ba9631\" data-element_type=\"column\">\n\t\t\t<div class=\"elementor-widget-wrap elementor-element-populated\">\n\t\t\t\t\t\t<div class=\"elementor-element elementor-element-f8bbe9e elementor-widget elementor-widget-text-editor\" data-id=\"f8bbe9e\" data-element_type=\"widget\" data-widget_type=\"text-editor.default\">\n\t\t\t\t<div class=\"elementor-widget-container\">\n\t\t\t\t\t\t\t\t\t<h1>Ein wenig Geschichte<\/h1>\n\t\t\t\t\t\t\t\t<\/div>\n\t\t\t\t<\/div>\n\t\t\t\t\t<\/div>\n\t\t<\/div>\n\t\t\t\t<div class=\"elementor-column elementor-col-50 elementor-top-column elementor-element elementor-element-538642d\" data-id=\"538642d\" data-element_type=\"column\">\n\t\t\t<div class=\"elementor-widget-wrap elementor-element-populated\">\n\t\t\t\t\t\t<div class=\"elementor-element elementor-element-00283e6 elementor-widget elementor-widget-text-editor\" data-id=\"00283e6\" data-element_type=\"widget\" data-widget_type=\"text-editor.default\">\n\t\t\t\t<div class=\"elementor-widget-container\">\n\t\t\t\t\t\t\t\t\t<p>Die Produkte der h.nemitz bestehen seit 50 Jahren. Sie basieren auf einer langen Tradition und respektieren den Menschen und seine Umwelt.<\/p>\n<p>Frau Hildegard N\u00e9mitz began in den 70er Jahren sich mit den Pflanzen und deren Einwirkung auf den Menschen auseinander zu setzen. Sie w\u00fcnschte sich Produkte aus Pflanzen unserer Umgebung die seit vielen Jahren bekannt sind f\u00fcr ihre heilende Wirkung.<\/p>\n<p>Neben anderen Zielen, m\u00f6chte h.nemitz ein faires Verh\u00e4ltnis zu seinen Kunden erreichen, dank einer starken und einmaligen Bindung: der Respekt gegen\u00fcber der Natur und den Menschen, die darin leben.<\/p>\n<p><strong>Diese Beziehung beg\u00fcnstigt die Kundenbed\u00fcrfnisse und basiert auf solch wichtigen Grundlagen wie :<\/strong><\/p>\n<ul>\n<li><span style=\"text-decoration: underline;\">Die Nachhaltigkeit<\/span> : Der Balsam der h.nemitz Pflanzen gibt es seit 50 Jahren.<\/li>\n<li><span style=\"text-decoration: underline;\">Die Region<\/span> : nur Pflanzen aus der Schweiz werden f\u00fcr die Zusammensetzung unserer<br \/>\nProduktpalette verwendet.<\/li>\n<li><span style=\"text-decoration: underline;\">Die Gesch\u00e4ftsf\u00fchrung<\/span> von h.nemitz ist famill\u00e4r und ist nicht auf Fremdkapital angewiesen.<\/li>\n<li><span style=\"text-decoration: underline;\">Die Qualit\u00e4t<\/span> : unsere Produkte werden regelm\u00e4ssig \u00fcberarbeitet und gegebenenfalls besser auf die effektiven Bed\u00fcrfnisse unserer Kunden angepasst.<\/li>\n<li><span style=\"text-decoration: underline;\">Die Authentizit\u00e4t<\/span> : abseits vom Revier der grossen internationalen Gesellschaften, weit weg von der chemischen Manipulation, die die Produkte f\u00fcr die K\u00f6rperpflege angeblich \u201cverbessern\u201d soll, richtet sich h.nemitz an all jene, die sich um ihre K\u00f6rper im Einklang mit der Natur k\u00fcmmern und das t\u00e4gliche Wohlbefinden in einer gesch\u00fctzten Umwelt suchen.<\/li>\n<\/ul>\n\t\t\t\t\t\t\t\t<\/div>\n\t\t\t\t<\/div>\n\t\t\t\t<section class=\"elementor-section elementor-inner-section elementor-element elementor-element-f4f627a elementor-section-boxed elementor-section-height-default elementor-section-height-default\" data-id=\"f4f627a\" data-element_type=\"section\">\n\t\t\t\t\t\t<div class=\"elementor-container elementor-column-gap-default\">\n\t\t\t\t\t<div class=\"elementor-column elementor-col-50 elementor-inner-column elementor-element elementor-element-6ea2607\" data-id=\"6ea2607\" data-element_type=\"column\">\n\t\t\t<div class=\"elementor-widget-wrap elementor-element-populated\">\n\t\t\t\t\t\t<div class=\"elementor-element elementor-element-112b26b elementor-widget__width-auto elementor-widget elementor-widget-heading\" data-id=\"112b26b\" data-element_type=\"widget\" data-widget_type=\"heading.default\">\n\t\t\t\t<div class=\"elementor-widget-container\">\n\t\t\t\t\t<p class=\"elementor-heading-title elementor-size-default\">h.nemitz<\/p>\t\t\t\t<\/div>\n\t\t\t\t<\/div>\n\t\t\t\t\t<\/div>\n\t\t<\/div>\n\t\t\t\t<div class=\"elementor-column elementor-col-50 elementor-inner-column elementor-element elementor-element-8afee9a\" data-id=\"8afee9a\" data-element_type=\"column\">\n\t\t\t<div class=\"elementor-widget-wrap elementor-element-populated\">\n\t\t\t\t\t\t<div class=\"elementor-element elementor-element-01b67d8 elementor-widget elementor-widget-text-editor\" data-id=\"01b67d8\" data-element_type=\"widget\" data-widget_type=\"text-editor.default\">\n\t\t\t\t<div class=\"elementor-widget-container\">\n\t\t\t\t\t\t\t\t\t<p>Chemin de Pierre Grise 1<br \/>2300 La Chaux-de-Fonds<br \/>+41 78 789 09 65<br \/><a href=\"mailto:info@hnemitz.ch\" target=\"_blank\" rel=\"noopener\">info@hnemitz.ch<\/a><\/p>\t\t\t\t\t\t\t\t<\/div>\n\t\t\t\t<\/div>\n\t\t\t\t\t<\/div>\n\t\t<\/div>\n\t\t\t\t\t<\/div>\n\t\t<\/section>\n\t\t\t\t\t<\/div>\n\t\t<\/div>\n\t\t\t\t\t<\/div>\n\t\t<\/section>\n\t\t\t\t<\/div>\n\t\t","protected":false},"excerpt":{"rendered":"<p>Ein wenig Geschichte Die Produkte der h.nemitz bestehen seit 50 Jahren. Sie basieren auf einer langen Tradition und respektieren den Menschen und seine Umwelt. Frau Hildegard N\u00e9mitz began in den 70er Jahren sich mit den Pflanzen und deren Einwirkung auf den Menschen auseinander zu setzen. Sie w\u00fcnschte sich Produkte aus Pflanzen unserer Umgebung die seit [&hellip;]<\/p>\n","protected":false},"author":1,"featured_media":0,"parent":0,"menu_order":5,"comment_status":"closed","ping_status":"closed","template":"","meta":{"_acf_changed":false,"footnotes":""},"class_list":["post-496","page","type-page","status-publish","hentry"],"acf":[],"_links":{"self":[{"href":"https:\/\/www.hnemitz.ch\/de\/wp-json\/wp\/v2\/pages\/496","targetHints":{"allow":["GET"]}}],"collection":[{"href":"https:\/\/www.hnemitz.ch\/de\/wp-json\/wp\/v2\/pages"}],"about":[{"href":"https:\/\/www.hnemitz.ch\/de\/wp-json\/wp\/v2\/types\/page"}],"author":[{"embeddable":true,"href":"https:\/\/www.hnemitz.ch\/de\/wp-json\/wp\/v2\/users\/1"}],"replies":[{"embeddable":true,"href":"https:\/\/www.hnemitz.ch\/de\/wp-json\/wp\/v2\/comments?post=496"}],"version-history":[{"count":5,"href":"https:\/\/www.hnemitz.ch\/de\/wp-json\/wp\/v2\/pages\/496\/revisions"}],"predecessor-version":[{"id":2523,"href":"https:\/\/www.hnemitz.ch\/de\/wp-json\/wp\/v2\/pages\/496\/revisions\/2523"}],"wp:attachment":[{"href":"https:\/\/www.hnemitz.ch\/de\/wp-json\/wp\/v2\/media?parent=496"}],"curies":[{"name":"wp","href":"https:\/\/api.w.org\/{rel}","templated":true}]}}