{"id":578,"date":"2020-11-20T07:57:07","date_gmt":"2020-11-20T07:57:07","guid":{"rendered":"https:\/\/www.hnemitz.ch\/allgemeine-geschaeftsbedingungen\/"},"modified":"2020-11-20T07:57:08","modified_gmt":"2020-11-20T07:57:08","slug":"allgemeine-geschaeftsbedingungen","status":"publish","type":"page","link":"https:\/\/www.hnemitz.ch\/de\/allgemeine-geschaeftsbedingungen\/","title":{"rendered":"Allgemeine Gesch\u00e4ftsbedingungen"},"content":{"rendered":"\t\t<div data-elementor-type=\"wp-page\" data-elementor-id=\"578\" class=\"elementor elementor-578 elementor-147\" data-elementor-post-type=\"page\">\n\t\t\t\t\t\t<section class=\"elementor-section elementor-top-section elementor-element elementor-element-268577a5 elementor-section-boxed elementor-section-height-default elementor-section-height-default\" data-id=\"268577a5\" data-element_type=\"section\">\n\t\t\t\t\t\t<div class=\"elementor-container elementor-column-gap-default\">\n\t\t\t\t\t<div class=\"elementor-column elementor-col-50 elementor-top-column elementor-element elementor-element-54f1461\" data-id=\"54f1461\" data-element_type=\"column\">\n\t\t\t<div class=\"elementor-widget-wrap\">\n\t\t\t\t\t\t\t<\/div>\n\t\t<\/div>\n\t\t\t\t<div class=\"elementor-column elementor-col-50 elementor-top-column elementor-element elementor-element-2ba16d1a\" data-id=\"2ba16d1a\" data-element_type=\"column\">\n\t\t\t<div class=\"elementor-widget-wrap elementor-element-populated\">\n\t\t\t\t\t\t<div class=\"elementor-element elementor-element-2174dd9 elementor-widget elementor-widget-text-editor\" data-id=\"2174dd9\" data-element_type=\"widget\" data-widget_type=\"text-editor.default\">\n\t\t\t\t<div class=\"elementor-widget-container\">\n\t\t\t\t\t\t\t\t\t<h2 id=\"u2121-2\">Allgemeine Gesch\u00e4ftsbedingungen<\/h2>\n\t\t\t\t\t\t\t\t<\/div>\n\t\t\t\t<\/div>\n\t\t\t\t<section class=\"elementor-section elementor-inner-section elementor-element elementor-element-0a7e6db elementor-section-boxed elementor-section-height-default elementor-section-height-default\" data-id=\"0a7e6db\" data-element_type=\"section\">\n\t\t\t\t\t\t<div class=\"elementor-container elementor-column-gap-default\">\n\t\t\t\t\t<div class=\"elementor-column elementor-col-100 elementor-inner-column elementor-element elementor-element-5f68907\" data-id=\"5f68907\" data-element_type=\"column\">\n\t\t\t<div class=\"elementor-widget-wrap elementor-element-populated\">\n\t\t\t\t\t\t<div class=\"elementor-element elementor-element-e7b882b elementor-widget__width-auto elementor-widget elementor-widget-heading\" data-id=\"e7b882b\" data-element_type=\"widget\" data-widget_type=\"heading.default\">\n\t\t\t\t<div class=\"elementor-widget-container\">\n\t\t\t\t\t<p class=\"elementor-heading-title elementor-size-default\">Generelles<\/p>\t\t\t\t<\/div>\n\t\t\t\t<\/div>\n\t\t\t\t\t<\/div>\n\t\t<\/div>\n\t\t\t\t\t<\/div>\n\t\t<\/section>\n\t\t\t\t<div class=\"elementor-element elementor-element-44c8651b elementor-widget elementor-widget-text-editor\" data-id=\"44c8651b\" data-element_type=\"widget\" data-widget_type=\"text-editor.default\">\n\t\t\t\t<div class=\"elementor-widget-container\">\n\t\t\t\t\t\t\t\t\t<p>Falls keine anderslautende schriftliche Vereinbarung besteht, gelten die vorliegenden allgemeinen Gesch\u00e4ftsbedingungen f\u00fcr alle Lieferungen von Waren und Dienstleistungen. Annahme der Ware bedeutet in jedem Fall die Anerkennung dieser Bedingungen durch den K\u00e4ufer. Falls die Gesch\u00e4ftsbedingungen keine entsprechende Regelung enthalten, gilt subsidi\u00e4r das schweizerische Obligationenrecht unter Ausschluss der Wienerkonvention \u00fcber internationale Vertr\u00e4ge.<\/p>\n\t\t\t\t\t\t\t\t<\/div>\n\t\t\t\t<\/div>\n\t\t\t\t<section class=\"elementor-section elementor-inner-section elementor-element elementor-element-d50a554 elementor-section-boxed elementor-section-height-default elementor-section-height-default\" data-id=\"d50a554\" data-element_type=\"section\">\n\t\t\t\t\t\t<div class=\"elementor-container elementor-column-gap-default\">\n\t\t\t\t\t<div class=\"elementor-column elementor-col-100 elementor-inner-column elementor-element elementor-element-d16eaef\" data-id=\"d16eaef\" data-element_type=\"column\">\n\t\t\t<div class=\"elementor-widget-wrap elementor-element-populated\">\n\t\t\t\t\t\t<div class=\"elementor-element elementor-element-5b129e3 elementor-widget__width-auto elementor-widget elementor-widget-heading\" data-id=\"5b129e3\" data-element_type=\"widget\" data-widget_type=\"heading.default\">\n\t\t\t\t<div class=\"elementor-widget-container\">\n\t\t\t\t\t<p class=\"elementor-heading-title elementor-size-default\">Bestellungen<\/p>\t\t\t\t<\/div>\n\t\t\t\t<\/div>\n\t\t\t\t\t<\/div>\n\t\t<\/div>\n\t\t\t\t\t<\/div>\n\t\t<\/section>\n\t\t\t\t<div class=\"elementor-element elementor-element-2efd0a8 elementor-widget elementor-widget-text-editor\" data-id=\"2efd0a8\" data-element_type=\"widget\" data-widget_type=\"text-editor.default\">\n\t\t\t\t<div class=\"elementor-widget-container\">\n\t\t\t\t\t\t\t\t\t<p id=\"u2136-12\">Es ist m\u00f6glich 24h \/ 24h zu bestellen. Eine Best\u00e4tigungs-E-mail wird gesendet, sobald die Bestellung registriert wurde.<\/p>\n\t\t\t\t\t\t\t\t<\/div>\n\t\t\t\t<\/div>\n\t\t\t\t<section class=\"elementor-section elementor-inner-section elementor-element elementor-element-eb2725c elementor-section-boxed elementor-section-height-default elementor-section-height-default\" data-id=\"eb2725c\" data-element_type=\"section\">\n\t\t\t\t\t\t<div class=\"elementor-container elementor-column-gap-default\">\n\t\t\t\t\t<div class=\"elementor-column elementor-col-100 elementor-inner-column elementor-element elementor-element-58b471b\" data-id=\"58b471b\" data-element_type=\"column\">\n\t\t\t<div class=\"elementor-widget-wrap elementor-element-populated\">\n\t\t\t\t\t\t<div class=\"elementor-element elementor-element-576a8df elementor-widget__width-auto elementor-widget elementor-widget-heading\" data-id=\"576a8df\" data-element_type=\"widget\" data-widget_type=\"heading.default\">\n\t\t\t\t<div class=\"elementor-widget-container\">\n\t\t\t\t\t<p class=\"elementor-heading-title elementor-size-default\">Versand<\/p>\t\t\t\t<\/div>\n\t\t\t\t<\/div>\n\t\t\t\t\t<\/div>\n\t\t<\/div>\n\t\t\t\t\t<\/div>\n\t\t<\/section>\n\t\t\t\t<div class=\"elementor-element elementor-element-695b2c5 elementor-widget elementor-widget-text-editor\" data-id=\"695b2c5\" data-element_type=\"widget\" data-widget_type=\"text-editor.default\">\n\t\t\t\t<div class=\"elementor-widget-container\">\n\t\t\t\t\t\t\t\t\t<p>Die Produkte werden per Post zugestellt. Die Versandkosten werden nach Gewicht und je nach Bestimmungsort des Pakets berechnet und werden bei der Bestellung angezeigt.<\/p>\n\t\t\t\t\t\t\t\t<\/div>\n\t\t\t\t<\/div>\n\t\t\t\t<section class=\"elementor-section elementor-inner-section elementor-element elementor-element-0604049 elementor-section-boxed elementor-section-height-default elementor-section-height-default\" data-id=\"0604049\" data-element_type=\"section\">\n\t\t\t\t\t\t<div class=\"elementor-container elementor-column-gap-default\">\n\t\t\t\t\t<div class=\"elementor-column elementor-col-100 elementor-inner-column elementor-element elementor-element-af97a3a\" data-id=\"af97a3a\" data-element_type=\"column\">\n\t\t\t<div class=\"elementor-widget-wrap elementor-element-populated\">\n\t\t\t\t\t\t<div class=\"elementor-element elementor-element-02aae48 elementor-widget__width-auto elementor-widget elementor-widget-heading\" data-id=\"02aae48\" data-element_type=\"widget\" data-widget_type=\"heading.default\">\n\t\t\t\t<div class=\"elementor-widget-container\">\n\t\t\t\t\t<p class=\"elementor-heading-title elementor-size-default\">Preis<\/p>\t\t\t\t<\/div>\n\t\t\t\t<\/div>\n\t\t\t\t\t<\/div>\n\t\t<\/div>\n\t\t\t\t\t<\/div>\n\t\t<\/section>\n\t\t\t\t<div class=\"elementor-element elementor-element-83af8dc elementor-widget elementor-widget-text-editor\" data-id=\"83af8dc\" data-element_type=\"widget\" data-widget_type=\"text-editor.default\">\n\t\t\t\t<div class=\"elementor-widget-container\">\n\t\t\t\t\t\t\t\t\t<p>Die angewendeten Preise sind auf der Website www.hnemitz.com angezeigt. Die in einer anderen W\u00e4hrung als dem Schweizer Franken angezeigten Preise, basieren auf dem Kaufpreis der Devisen am Tag der Bestellung \/ Auftragsbest\u00e4tigung auf dem Platz Z\u00fcrich. Eventuelle Wechsel-Verluste, die sich aus Zahlungsverz\u00f6gerungen ergeben, werden dem K\u00e4ufer belastet.<\/p>\n\t\t\t\t\t\t\t\t<\/div>\n\t\t\t\t<\/div>\n\t\t\t\t<section class=\"elementor-section elementor-inner-section elementor-element elementor-element-464da7e elementor-section-boxed elementor-section-height-default elementor-section-height-default\" data-id=\"464da7e\" data-element_type=\"section\">\n\t\t\t\t\t\t<div class=\"elementor-container elementor-column-gap-default\">\n\t\t\t\t\t<div class=\"elementor-column elementor-col-100 elementor-inner-column elementor-element elementor-element-16b0d91\" data-id=\"16b0d91\" data-element_type=\"column\">\n\t\t\t<div class=\"elementor-widget-wrap elementor-element-populated\">\n\t\t\t\t\t\t<div class=\"elementor-element elementor-element-e0c6aa2 elementor-widget__width-auto elementor-widget elementor-widget-heading\" data-id=\"e0c6aa2\" data-element_type=\"widget\" data-widget_type=\"heading.default\">\n\t\t\t\t<div class=\"elementor-widget-container\">\n\t\t\t\t\t<p class=\"elementor-heading-title elementor-size-default\">Zahlungsbedingungen<\/p>\t\t\t\t<\/div>\n\t\t\t\t<\/div>\n\t\t\t\t\t<\/div>\n\t\t<\/div>\n\t\t\t\t\t<\/div>\n\t\t<\/section>\n\t\t\t\t<div class=\"elementor-element elementor-element-707953b elementor-widget elementor-widget-text-editor\" data-id=\"707953b\" data-element_type=\"widget\" data-widget_type=\"text-editor.default\">\n\t\t\t\t<div class=\"elementor-widget-container\">\n\t\t\t\t\t\t\t\t\t<p>Die Rechnungen mit den f\u00e4lligen Betr\u00e4gen sind ohne Zusatzkosten, innerhalb von 30 Tagen nach Rechnungsdatum zahlbar (Datum des Zahlungseingangs). Die Zahlstelle f\u00fcr alle Zahlungen des K\u00e4ufers ist der Sitz des Verk\u00e4ufers. \u00dcberweisungsgeb\u00fchren werden vom Kunden getragen. Wenn der K\u00e4ufer den Zahlungstermin nicht einh\u00e4lt, wird er haftbar gemacht, ohne Mahnung durch den Verk\u00e4ufer, gem\u00e4ss F\u00e4lligkeitsdatum und f\u00fcr jeden angefangenen Monat zus\u00e4tzlich. Zahlungen f\u00fcr Lieferungen k\u00f6nnen aus keinerlei Gr\u00fcnden verweigert werden.<\/p>\n\t\t\t\t\t\t\t\t<\/div>\n\t\t\t\t<\/div>\n\t\t\t\t<section class=\"elementor-section elementor-inner-section elementor-element elementor-element-9916725 elementor-section-boxed elementor-section-height-default elementor-section-height-default\" data-id=\"9916725\" data-element_type=\"section\">\n\t\t\t\t\t\t<div class=\"elementor-container elementor-column-gap-default\">\n\t\t\t\t\t<div class=\"elementor-column elementor-col-100 elementor-inner-column elementor-element elementor-element-b7cf5df\" data-id=\"b7cf5df\" data-element_type=\"column\">\n\t\t\t<div class=\"elementor-widget-wrap elementor-element-populated\">\n\t\t\t\t\t\t<div class=\"elementor-element elementor-element-8064c58 elementor-widget__width-auto elementor-widget elementor-widget-heading\" data-id=\"8064c58\" data-element_type=\"widget\" data-widget_type=\"heading.default\">\n\t\t\t\t<div class=\"elementor-widget-container\">\n\t\t\t\t\t<p class=\"elementor-heading-title elementor-size-default\">Garantie<\/p>\t\t\t\t<\/div>\n\t\t\t\t<\/div>\n\t\t\t\t\t<\/div>\n\t\t<\/div>\n\t\t\t\t\t<\/div>\n\t\t<\/section>\n\t\t\t\t<div class=\"elementor-element elementor-element-02caba5 elementor-widget elementor-widget-text-editor\" data-id=\"02caba5\" data-element_type=\"widget\" data-widget_type=\"text-editor.default\">\n\t\t\t\t<div class=\"elementor-widget-container\">\n\t\t\t\t\t\t\t\t\t<p>Die Haftung des Verk\u00e4ufers f\u00fcr M\u00e4ngel an der gelieferten Ware beschr\u00e4nkt sich auf den Ersatz des Produktes. M\u00e4ngelr\u00fcgen oder Produktfehler geben dem Kunden nicht das Recht, die Bezahlung der betreffenden Ware zu verweigern.<\/p>\n\t\t\t\t\t\t\t\t<\/div>\n\t\t\t\t<\/div>\n\t\t\t\t<section class=\"elementor-section elementor-inner-section elementor-element elementor-element-0c0e87a elementor-section-boxed elementor-section-height-default elementor-section-height-default\" data-id=\"0c0e87a\" data-element_type=\"section\">\n\t\t\t\t\t\t<div class=\"elementor-container elementor-column-gap-default\">\n\t\t\t\t\t<div class=\"elementor-column elementor-col-100 elementor-inner-column elementor-element elementor-element-5de597b\" data-id=\"5de597b\" data-element_type=\"column\">\n\t\t\t<div class=\"elementor-widget-wrap elementor-element-populated\">\n\t\t\t\t\t\t<div class=\"elementor-element elementor-element-3ff78af elementor-widget__width-auto elementor-widget elementor-widget-heading\" data-id=\"3ff78af\" data-element_type=\"widget\" data-widget_type=\"heading.default\">\n\t\t\t\t<div class=\"elementor-widget-container\">\n\t\t\t\t\t<p class=\"elementor-heading-title elementor-size-default\">Produkthaftung<\/p>\t\t\t\t<\/div>\n\t\t\t\t<\/div>\n\t\t\t\t\t<\/div>\n\t\t<\/div>\n\t\t\t\t\t<\/div>\n\t\t<\/section>\n\t\t\t\t<div class=\"elementor-element elementor-element-b354c45 elementor-widget elementor-widget-text-editor\" data-id=\"b354c45\" data-element_type=\"widget\" data-widget_type=\"text-editor.default\">\n\t\t\t\t<div class=\"elementor-widget-container\">\n\t\t\t\t\t\t\t\t\t<p id=\"u2136-37\">Der Verk\u00e4ufer ist f\u00fcr die Einhaltung der gesetzlichen Vorschriften f\u00fcr die gelieferten Waren verantwortlich.<\/p>\n\t\t\t\t\t\t\t\t<\/div>\n\t\t\t\t<\/div>\n\t\t\t\t<section class=\"elementor-section elementor-inner-section elementor-element elementor-element-4568e48 elementor-section-boxed elementor-section-height-default elementor-section-height-default\" data-id=\"4568e48\" data-element_type=\"section\">\n\t\t\t\t\t\t<div class=\"elementor-container elementor-column-gap-default\">\n\t\t\t\t\t<div class=\"elementor-column elementor-col-100 elementor-inner-column elementor-element elementor-element-6b96c13\" data-id=\"6b96c13\" data-element_type=\"column\">\n\t\t\t<div class=\"elementor-widget-wrap elementor-element-populated\">\n\t\t\t\t\t\t<div class=\"elementor-element elementor-element-ed6dc9e elementor-widget__width-auto elementor-widget elementor-widget-heading\" data-id=\"ed6dc9e\" data-element_type=\"widget\" data-widget_type=\"heading.default\">\n\t\t\t\t<div class=\"elementor-widget-container\">\n\t\t\t\t\t<p class=\"elementor-heading-title elementor-size-default\">Gerichtsstand und Recht<\/p>\t\t\t\t<\/div>\n\t\t\t\t<\/div>\n\t\t\t\t\t<\/div>\n\t\t<\/div>\n\t\t\t\t\t<\/div>\n\t\t<\/section>\n\t\t\t\t<div class=\"elementor-element elementor-element-fbf9909 elementor-widget elementor-widget-text-editor\" data-id=\"fbf9909\" data-element_type=\"widget\" data-widget_type=\"text-editor.default\">\n\t\t\t\t<div class=\"elementor-widget-container\">\n\t\t\t\t\t\t\t\t\t<p>Der Gerichtsstand f\u00fcr Verk\u00e4ufer und K\u00e4ufer ist der Gesch\u00e4ftssitz des Verk\u00e4ufers. Allerdings ist der Verk\u00e4ufer berechtigt, den K\u00e4ufer an dessen Wohnort zu verklagen. Das Rechtsverh\u00e4ltnis zwischen den Parteien untersteht dem schweizerischen Recht unter dem ausdr\u00fccklichen Ausschluss der Wiener Konvention \u00fcber internationale Kaufvertr\u00e4ge.<\/p>\n\t\t\t\t\t\t\t\t<\/div>\n\t\t\t\t<\/div>\n\t\t\t\t\t<\/div>\n\t\t<\/div>\n\t\t\t\t\t<\/div>\n\t\t<\/section>\n\t\t\t\t<\/div>\n\t\t","protected":false},"excerpt":{"rendered":"<p>Allgemeine Gesch\u00e4ftsbedingungen Generelles Falls keine anderslautende schriftliche Vereinbarung besteht, gelten die vorliegenden allgemeinen Gesch\u00e4ftsbedingungen f\u00fcr alle Lieferungen von Waren und Dienstleistungen. Annahme der Ware bedeutet in jedem Fall die Anerkennung dieser Bedingungen durch den K\u00e4ufer. Falls die Gesch\u00e4ftsbedingungen keine entsprechende Regelung enthalten, gilt subsidi\u00e4r das schweizerische Obligationenrecht unter Ausschluss der Wienerkonvention \u00fcber internationale Vertr\u00e4ge. Bestellungen [&hellip;]<\/p>\n","protected":false},"author":1,"featured_media":0,"parent":0,"menu_order":0,"comment_status":"closed","ping_status":"closed","template":"","meta":{"_acf_changed":false,"footnotes":""},"class_list":["post-578","page","type-page","status-publish","hentry"],"acf":[],"_links":{"self":[{"href":"https:\/\/www.hnemitz.ch\/de\/wp-json\/wp\/v2\/pages\/578","targetHints":{"allow":["GET"]}}],"collection":[{"href":"https:\/\/www.hnemitz.ch\/de\/wp-json\/wp\/v2\/pages"}],"about":[{"href":"https:\/\/www.hnemitz.ch\/de\/wp-json\/wp\/v2\/types\/page"}],"author":[{"embeddable":true,"href":"https:\/\/www.hnemitz.ch\/de\/wp-json\/wp\/v2\/users\/1"}],"replies":[{"embeddable":true,"href":"https:\/\/www.hnemitz.ch\/de\/wp-json\/wp\/v2\/comments?post=578"}],"version-history":[{"count":1,"href":"https:\/\/www.hnemitz.ch\/de\/wp-json\/wp\/v2\/pages\/578\/revisions"}],"predecessor-version":[{"id":579,"href":"https:\/\/www.hnemitz.ch\/de\/wp-json\/wp\/v2\/pages\/578\/revisions\/579"}],"wp:attachment":[{"href":"https:\/\/www.hnemitz.ch\/de\/wp-json\/wp\/v2\/media?parent=578"}],"curies":[{"name":"wp","href":"https:\/\/api.w.org\/{rel}","templated":true}]}}