{"id":500,"date":"2020-11-10T15:00:24","date_gmt":"2020-11-10T15:00:24","guid":{"rendered":"https:\/\/www.hnemitz.ch\/produit\/krauterbalsam\/"},"modified":"2025-12-19T00:05:09","modified_gmt":"2025-12-19T00:05:09","slug":"krauterbalsam","status":"publish","type":"product","link":"https:\/\/www.hnemitz.ch\/de\/produit\/krauterbalsam\/","title":{"rendered":"Kr\u00e4uterbalsam"},"content":{"rendered":"<p>h.nemitz Kr\u00e4uterbalsam hat sich schon seit 50 Jahren bestens bew\u00e4hrt. Er lindert jegliche Art von :<br \/>\n\u2013 rheumatischen Schmerzen<br \/>\n\u2013 Krampfadern<br \/>\n\u2013 Schwellungen<br \/>\n\u2013 Insektenstiche<br \/>\n\u2013 leichten Verbrennungen<br \/>\n\u2013 Muskelvezerrungen<\/p>\n<p>Dieser wunderbare Balsam wirkt schnell, schmerzstillend, k\u00fchlend, entz\u00fcndungshemmend, krampfl\u00f6send und entspannend. Schwellungen flauen ab, offene Wunden heilen schneller. Er regeneriert die Haut und f\u00f6rdert eine bessere Durchblutung.<\/p>\n<p><u>Anleitung<\/u> : Massieren Sie leicht die schmerzenden Stellen. Nach 4 bis 5 Stunden wiederholen Sie diese Massage. Der Kr\u00e4uterbalsam h.nemitz ist eine Emulsion die leicht in die Haut dringt und keine Fettspuren hinterl\u00e4sst. Sein nat\u00fcrlicher Kr\u00e4utergeruch verfl\u00fcchtig sich rasch.<\/p>\n<p><u>Inhaltsstoffe<\/u> : Extrakte aus Kamille, Rosmarin, Thymian, Brennnessel und Aloe Vera. \u00c4therische \u00d6le aus Thymian, Salbei und Zypresse.<\/p>\n<h6>INCI : Aqua, Paraffinum Liquidum, Isopropyl Myristate, Tristearin, Glycerin, Simmondsia Chinensis Oil, Prunus Armeniaca Kernel Oil, Cera Alba, Triethanolamine, Phenethyl Alcohol, Ethylhexylglycerin, Argancia Spinosa Oil, Chamomila Recutita Extract, Rosmarinus Officinalis Leaf extract, Aloe Barbadensis Leaf Extract, Urtica Dioica Extract, Aesculus Hippocastanum Bark Extract, Capyryl Glycol, Carbomer, Thymus Vulgaris Oil, Dimethicone, Cupressus Sempervirens Oil, Salvia Officinalis Oil, Rosmarinus Officinalis Oil, Azulene, CI 42045, CI 19140<\/h6>\n<h6>Darf nicht in die H\u00e4nde von Kindern gelangen.<\/h6>\n","protected":false},"excerpt":{"rendered":"<p>Der Kr\u00e4uterbalsam h.nemitz ist ein originales Naturprodukt. Dank seiner absoluten Ausgewohnenheit von Kr\u00e4uteressenzen, Extrakten und \u00e4therischen \u00d6len von ganz spezifischen Heilkr\u00e4utern entspricht unser Balsam vorz\u00fcglich den verschiedenen Bed\u00fcrfnissen.<\/p>\n","protected":false},"featured_media":459,"template":"","meta":{"_acf_changed":false},"product_brand":[],"product_cat":[39],"product_tag":[],"class_list":{"0":"post-500","1":"product","2":"type-product","3":"status-publish","4":"has-post-thumbnail","6":"product_cat-non-classe-de","8":"first","9":"outofstock","10":"featured","11":"shipping-taxable","12":"product-type-variable","13":"has-default-attributes"},"acf":[],"_links":{"self":[{"href":"https:\/\/www.hnemitz.ch\/de\/wp-json\/wp\/v2\/product\/500","targetHints":{"allow":["GET"]}}],"collection":[{"href":"https:\/\/www.hnemitz.ch\/de\/wp-json\/wp\/v2\/product"}],"about":[{"href":"https:\/\/www.hnemitz.ch\/de\/wp-json\/wp\/v2\/types\/product"}],"wp:featuredmedia":[{"embeddable":true,"href":"https:\/\/www.hnemitz.ch\/de\/wp-json\/wp\/v2\/media\/459"}],"wp:attachment":[{"href":"https:\/\/www.hnemitz.ch\/de\/wp-json\/wp\/v2\/media?parent=500"}],"wp:term":[{"taxonomy":"product_brand","embeddable":true,"href":"https:\/\/www.hnemitz.ch\/de\/wp-json\/wp\/v2\/product_brand?post=500"},{"taxonomy":"product_cat","embeddable":true,"href":"https:\/\/www.hnemitz.ch\/de\/wp-json\/wp\/v2\/product_cat?post=500"},{"taxonomy":"product_tag","embeddable":true,"href":"https:\/\/www.hnemitz.ch\/de\/wp-json\/wp\/v2\/product_tag?post=500"}],"curies":[{"name":"wp","href":"https:\/\/api.w.org\/{rel}","templated":true}]}}