{"id":571,"date":"2020-11-12T15:28:00","date_gmt":"2020-11-12T15:28:00","guid":{"rendered":"https:\/\/www.hnemitz.ch\/produit\/alkalisches-bad-mit-eukalyptus\/"},"modified":"2025-12-19T00:05:24","modified_gmt":"2025-12-19T00:05:24","slug":"alkalisches-bad-mit-eukalyptus","status":"publish","type":"product","link":"https:\/\/www.hnemitz.ch\/de\/produit\/alkalisches-bad-mit-eukalyptus\/","title":{"rendered":"Alkalisches Bad mit Eukalyptus"},"content":{"rendered":"<p><u>Anwendung<\/u> : Den Inhalt (20 bis 30 ml) des Produkts in ein heisses Bad giessen.<\/p>\n<p><u>Zusammensetzung<\/u> : Mit hohem Gehalt an \u00e4therischen \u00d6len von Eukalyptus, Aloe Vera und mit wertvollem Jojoba\u00f6l erg\u00e4nzt. Ohne alkalische Seife und dermatologisch getestet.<\/p>\n<h6>INCI : Water, Sodium Laureth Sulfate, Propylene Glycol, Castor Oil, Coco Betaine, Glyceryl Cocoate, Cocamide DEA, Eucalyptus Globulus Leaf Oil, Glycerin, Methyl Glucose Dioleate, Panthenol, Olive Glycerides, Disopium Laurylcitrate Sulfosuccinate, Coco-Glucoside, Lanolin, Simmondsia Chinensis (Jojoba) Seed Oil, Cocamide MIPA, Laureth-4, Alcohol Denat., Glyceryl Oleate, Urea, Sea Salt, Propanediol, Phenethyl Alcohol, Sodium Lauroyl Glutamate, Undecyl Alcohol, Aloe Barbadensis, Sodium Hydroxide, Tocopherol, Limonene, C.I.47005\/42090<\/h6>\n<h6>Die B\u00e4der mit \u00e4therischen \u00d6len sind nicht f\u00fcr Kinder unter 2 Jahren empfohlen.<\/h6>\n","protected":false},"excerpt":{"rendered":"<p id=\"u18607-8\">Das Bad mit Eukalyptus lindert effektiv Erk\u00e4ltung oder grippe\u00e4hnliche Symptome. Es befreit die Atemwege durch die Schaffung eines &#8222;Sauna&#8220;-Effekts. Zudem erm\u00f6glicht es eine schnelle Erholung nach k\u00f6rperlicher Anstrengung und entspannt die Muskulatur.<\/p>\n","protected":false},"featured_media":473,"template":"","meta":{"_acf_changed":false},"product_brand":[],"product_cat":[39],"product_tag":[],"class_list":{"0":"post-571","1":"product","2":"type-product","3":"status-publish","4":"has-post-thumbnail","6":"product_cat-non-classe-de","8":"first","9":"outofstock","10":"shipping-taxable","11":"product-type-variable","12":"has-default-attributes"},"acf":[],"_links":{"self":[{"href":"https:\/\/www.hnemitz.ch\/de\/wp-json\/wp\/v2\/product\/571","targetHints":{"allow":["GET"]}}],"collection":[{"href":"https:\/\/www.hnemitz.ch\/de\/wp-json\/wp\/v2\/product"}],"about":[{"href":"https:\/\/www.hnemitz.ch\/de\/wp-json\/wp\/v2\/types\/product"}],"wp:featuredmedia":[{"embeddable":true,"href":"https:\/\/www.hnemitz.ch\/de\/wp-json\/wp\/v2\/media\/473"}],"wp:attachment":[{"href":"https:\/\/www.hnemitz.ch\/de\/wp-json\/wp\/v2\/media?parent=571"}],"wp:term":[{"taxonomy":"product_brand","embeddable":true,"href":"https:\/\/www.hnemitz.ch\/de\/wp-json\/wp\/v2\/product_brand?post=571"},{"taxonomy":"product_cat","embeddable":true,"href":"https:\/\/www.hnemitz.ch\/de\/wp-json\/wp\/v2\/product_cat?post=571"},{"taxonomy":"product_tag","embeddable":true,"href":"https:\/\/www.hnemitz.ch\/de\/wp-json\/wp\/v2\/product_tag?post=571"}],"curies":[{"name":"wp","href":"https:\/\/api.w.org\/{rel}","templated":true}]}}