{"id":603,"date":"2020-11-12T13:15:09","date_gmt":"2020-11-12T13:15:09","guid":{"rendered":"https:\/\/www.hnemitz.ch\/produit\/cellulaire\/"},"modified":"2025-12-19T00:05:15","modified_gmt":"2025-12-19T00:05:15","slug":"cellulaire","status":"publish","type":"product","link":"https:\/\/www.hnemitz.ch\/de\/produit\/cellulaire\/","title":{"rendered":"Cr\u00e8me bio-cellulaire"},"content":{"rendered":"<p><u>Beschreibung<\/u> : Creme f\u00fcr Tag oder Nacht, restaurativ und regenerativ. L\u00e4sst Falten verschwinden und tiefe Falten verblassen. F\u00fcr eine schnelle Hydratation der oberfl\u00e4chlichen Schichten der Epidermis<\/p>\n<p><u>Anwendung<\/u> : Unabha\u0308ngig ob Tag oder Nacht u\u0308ber das ganze Gesicht und Hals verteilen.<\/p>\n<p><u>Zusammensetzung<\/u> : Pflanzen\u00f6l: \u00a0Jojoba, Argan, Aprikosenkerne, Sonnenblumensamen, frei von Parabenen<\/p>\n<h6>INCI : Aqua, PPG-15 Stearyl Ether, Sodium Lactate, Glycerin, Citric Acid, Sodium PCA, Malic Acid, Glycolic Acid, Steareth-2, Steareth-21, Stearyl Alcohol, Isopropyl Myristate, PPG-20 Methyl Glucose Ether, Propylene Glycol, Rosa Damascena Flower Water, Phenethyl Alcohol, Caprylyl Glycol, Cetearyl Alcohol, Prunus Armeniaca, Kernel Oil, Simmondsia Chinensis Seed Oil, Helianthus Annuus Hybrid Oil, Argania Spinosa Kernel Oil, Dimethicone, Trimethylsiloxysilicate, Sodium Hyaluronate, Butylene, Glycol, Hydrogenated Lecithin, Glycine Soja Sterols, Phenoxyethanol, Ethylhexylglycerin, Ceramide 3, Milk Lipids, Tocopheryl Acetate, Chlorohexidine Digluconate, Diazolidinyl Urea, Fragrance<\/h6>\n<h6>Darf nicht in die H\u00e4nde von Kindern gelangen.<\/h6>\n","protected":false},"excerpt":{"rendered":"<p>Die vielf\u00e4ltigen t\u00e4glichen Gesichtsbewegungen und der nat\u00fcrliche Alterungsprozess strapazieren das Gesichtsgewebe zunehmend.<\/p>\n<p>Die h.nemitz biozellul\u00e4re Creme wurde von einem seit \u00fcber 60 Jahren aktiven Kr\u00e4uterkenner entwickelt. Intensiv unterst\u00fctzt sie die Regeneration der Gesichtshaut. Dar\u00fcber hinaus f\u00f6rdert sie die Spannkraft und Elastizit\u00e4t.<\/p>\n","protected":false},"featured_media":468,"template":"","meta":{"_acf_changed":false},"product_brand":[],"product_cat":[39],"product_tag":[],"class_list":{"0":"post-603","1":"product","2":"type-product","3":"status-publish","4":"has-post-thumbnail","6":"product_cat-non-classe-de","8":"first","9":"outofstock","10":"shipping-taxable","11":"product-type-variable","12":"has-default-attributes"},"acf":[],"_links":{"self":[{"href":"https:\/\/www.hnemitz.ch\/de\/wp-json\/wp\/v2\/product\/603","targetHints":{"allow":["GET"]}}],"collection":[{"href":"https:\/\/www.hnemitz.ch\/de\/wp-json\/wp\/v2\/product"}],"about":[{"href":"https:\/\/www.hnemitz.ch\/de\/wp-json\/wp\/v2\/types\/product"}],"wp:featuredmedia":[{"embeddable":true,"href":"https:\/\/www.hnemitz.ch\/de\/wp-json\/wp\/v2\/media\/468"}],"wp:attachment":[{"href":"https:\/\/www.hnemitz.ch\/de\/wp-json\/wp\/v2\/media?parent=603"}],"wp:term":[{"taxonomy":"product_brand","embeddable":true,"href":"https:\/\/www.hnemitz.ch\/de\/wp-json\/wp\/v2\/product_brand?post=603"},{"taxonomy":"product_cat","embeddable":true,"href":"https:\/\/www.hnemitz.ch\/de\/wp-json\/wp\/v2\/product_cat?post=603"},{"taxonomy":"product_tag","embeddable":true,"href":"https:\/\/www.hnemitz.ch\/de\/wp-json\/wp\/v2\/product_tag?post=603"}],"curies":[{"name":"wp","href":"https:\/\/api.w.org\/{rel}","templated":true}]}}